{"id":529,"date":"2015-04-20T11:50:56","date_gmt":"2015-04-20T11:50:56","guid":{"rendered":"http:\/\/welfare.cmsmasters.net\/?page_id=529"},"modified":"2023-12-27T20:20:46","modified_gmt":"2023-12-27T20:20:46","slug":"hakkimizda","status":"publish","type":"page","link":"https:\/\/www.marmarailaclama.com\/index.php\/hakkimizda\/","title":{"rendered":"Hakk\u0131m\u0131zda"},"content":{"rendered":"<div id=\"cmsmasters_row_lcpz1a3smm\" class=\"cmsmasters_row cmsmasters_color_scheme_default cmsmasters_row_top_default cmsmasters_row_bot_default cmsmasters_row_boxed\">\n<div class=\"cmsmasters_row_outer_parent\">\n<div class=\"cmsmasters_row_outer\">\n<div class=\"cmsmasters_row_inner\">\n<div class=\"cmsmasters_row_margin\">\n<div id=\"cmsmasters_column_6x6karwfj\" class=\"cmsmasters_column one_half\">\n<div class=\"cmsmasters_column_inner\"><div class=\"cmsmasters_img  cmsmasters_image_n\"><img decoding=\"async\" src=\"https:\/\/www.marmarailaclama.com\/wp-content\/uploads\/2023\/12\/Elegant-Neutral-Sliding-Fashion-YouTube-Intro-580x366.jpg\" \/><\/div><div class=\"cmsmasters_img  cmsmasters_image_n\"><img decoding=\"async\" src=\"https:\/\/www.marmarailaclama.com\/wp-content\/uploads\/2023\/12\/Elegant-Sliding-My-Daily-Outfits-YouTube-Intro-580x366.jpg\" \/><\/div><div class=\"cmsmasters_img  cmsmasters_image_n\"><img decoding=\"async\" src=\"https:\/\/www.marmarailaclama.com\/wp-content\/uploads\/2023\/12\/Renkli-Sade-Sevimli-Kediler-Fotograf-Kolaji-580x366.jpg\" \/><\/div><div class=\"cmsmasters_img  cmsmasters_image_n\"><img decoding=\"async\" src=\"https:\/\/www.marmarailaclama.com\/wp-content\/uploads\/2023\/12\/Turuncu-Dogal-Sonbahar-Fotograf-Kolaji-580x366.jpg\" \/><\/div>\n<\/div><\/div>\n<div id=\"cmsmasters_column_9u2u5frld\" class=\"cmsmasters_column one_half\">\n<div class=\"cmsmasters_column_inner\"><div id=\"cmsmasters_heading_9kjdz356rm\" class=\"cmsmasters_heading_wrap cmsmasters_heading_align_left\">\n\t<h4 class=\"cmsmasters_heading\">Hikayemiz<\/h4>\n<\/div><div id=\"cmsmasters_heading_rk9ga78o4m\" class=\"cmsmasters_heading_wrap cmsmasters_heading_align_left\">\n\t<h2 class=\"cmsmasters_heading\">20 Y\u0131ll\u0131k Tecr\u00fcbe&#8230;<\/h2>\n<\/div><div class=\"cmsmasters_text\">\n<p>20 y\u0131ll\u0131k bir deneyim sonucu kurulmu\u015f olan \u015firketimiz, m\u00fccadele gerektiren her t\u00fcrl\u00fc ortamda gemilerde, mutfaklarda, fabrikalarda,hastanelerde,otellerde muzelerde vb yani insan\u0131n bulundu\u011fu her yerde ;<\/p>\n<p>Pest Kontrol (\u0130la\u00e7lama), F\u00fcmigasyon, Entegre M\u00fccadele \u0130la\u00e7lama ve bah\u00e7e Bak\u0131mi konular\u0131nda hizmet vermektedir.<br \/>\nHa\u015fere ve Kemirgenlere kar\u015f\u0131 uygulad\u0131\u011f\u0131m\u0131z y\u00f6ntemlerin tamamen bilimsel verilere dayanmas\u0131 ve sundu\u011fumuz hizmet standartlar\u0131 ve raporlamayla kontrol saglanir teknoloji ve bilimin \u0131\u015f\u0131\u011f\u0131nda uluslararas\u0131 standart ve geli\u015fmeleri takip ederek farkl\u0131, yeni ve m\u00fc\u015fterilerimiz i\u00e7i en uygun y\u00f6ntemi bulur. Kirlenmenin \u00f6nlenmesi ve do\u011fal kaynaklar\u0131n daha etkin kullan\u0131m\u0131n\u0131n sa\u011flanmas\u0131n\u0131 tesis eder.<\/p>\n<p>\u00c7al\u0131\u015fmalar\u0131m\u0131z\u0131 mevcut yasalara uygun y\u00fcr\u00fct\u00fcr\u00fcz.<\/p>\n<p>UYGULAMALARIMIZDA ANA HEDEF\u0130M\u0130Z<br \/>\nEkolojik dengeyi bozmama ilkesine ba\u011fl\u0131 \u00e7al\u0131\u015fmak; Kal\u0131nt\u0131 etkisi en az olan ve \u00e7evre sa\u011fl\u0131\u011f\u0131na en az d\u00fczeyde zarar verecek ila\u00e7lar\u0131 kullanmakt\u0131r. Ha\u015fere m\u00fccadelesinde; uygulanacak alana g\u00f6re belirledi\u011fimiz do\u011fru ila\u00e7 ve bilin\u00e7li kullan\u0131mla ila\u00e7lardan maksimum \u00e7\u00f6z\u00fcm al\u0131n\u0131r; hizmet s\u00fcrecimiz, sorunun \u00e7\u00f6z\u00fcm\u00fc ve tekrarlanmamas\u0131 i\u00e7in gerekli sistemati\u011fin kurulmas\u0131na\u00a0dek\u00a0uzan\u0131r.<\/p>\n<\/div>\n<div id=\"cmsmasters_divider_kwxu3c8avt\" class=\"cl\"><\/div>\n<\/div><\/div>\n<\/div>\n<\/div>\n<\/div>\n<\/div>\n<\/div>\n\n","protected":false},"excerpt":{"rendered":"","protected":false},"author":1,"featured_media":0,"parent":0,"menu_order":0,"comment_status":"closed","ping_status":"closed","template":"","meta":{"footnotes":""},"_links":{"self":[{"href":"https:\/\/www.marmarailaclama.com\/index.php\/wp-json\/wp\/v2\/pages\/529"}],"collection":[{"href":"https:\/\/www.marmarailaclama.com\/index.php\/wp-json\/wp\/v2\/pages"}],"about":[{"href":"https:\/\/www.marmarailaclama.com\/index.php\/wp-json\/wp\/v2\/types\/page"}],"author":[{"embeddable":true,"href":"https:\/\/www.marmarailaclama.com\/index.php\/wp-json\/wp\/v2\/users\/1"}],"replies":[{"embeddable":true,"href":"https:\/\/www.marmarailaclama.com\/index.php\/wp-json\/wp\/v2\/comments?post=529"}],"version-history":[{"count":7,"href":"https:\/\/www.marmarailaclama.com\/index.php\/wp-json\/wp\/v2\/pages\/529\/revisions"}],"predecessor-version":[{"id":14594,"href":"https:\/\/www.marmarailaclama.com\/index.php\/wp-json\/wp\/v2\/pages\/529\/revisions\/14594"}],"wp:attachment":[{"href":"https:\/\/www.marmarailaclama.com\/index.php\/wp-json\/wp\/v2\/media?parent=529"}],"curies":[{"name":"wp","href":"https:\/\/api.w.org\/{rel}","templated":true}]}}